{"id":431,"date":"2017-05-31T11:56:12","date_gmt":"2017-05-31T11:56:12","guid":{"rendered":"http:\/\/qmbs.bszab.de\/?page_id=431"},"modified":"2017-05-31T11:56:12","modified_gmt":"2017-05-31T11:56:12","slug":"rfm","status":"publish","type":"page","link":"https:\/\/qmbs.bszab.de\/?page_id=431","title":{"rendered":"RfM"},"content":{"rendered":"<p><strong>Referenzschule f\u00fcr Medienbildung (RfM)<\/strong><\/p>\n<p>Nach erfolgreichem Abschluss der zweij\u00e4hrigen Qualifizierungsphase wurde das Staatliche Berufliche Schulzentrum Aschaffenburg am 17. Oktober 2017 vom Bayerischen Staatsministerium f\u00fcr Unterricht und Kultus als <strong>Referenzschule f\u00fcr Medienbildung<\/strong> (RfM) ausgezeichnet.<\/p>\n<p>Das Projekt RfM verfolgt die Ziele, durch eine Systematisierung der schulischen Medienarbeit die Medienkompetenz der Sch\u00fclerinnen und Sch\u00fcler zu st\u00e4rken und die Unterrichtsqualit\u00e4t zu verbessern.<\/p>\n<p>Teilnehmende Schulen haben die Aufgabe ein p\u00e4dagogisches und technisches Medienkonzept, den sogenannten Medienentwicklungsplan zu \u00a0erarbeiten. Au\u00dferdem m\u00fcssen sie ein Medien- und Methodencurriculum sowie ein schulinternes Fortbildungskonzept f\u00fcr die Lehrkr\u00e4fte entwickeln. Die technische Ausstattung der Schule soll ihrem p\u00e4dagogischen Konzept entsprechend weiterentwickelt werden.<\/p>\n<p>Seit dem Schuljahr 2016\/2017 befindet sich das BSZ Aschaffenburg in der Multiplikatorenphase des RfM-Projektes und steht anderen Schulen als Helfer f\u00fcr ihre Medienarbeit zur Verf\u00fcgung. Die diesbez\u00fcglichen Vorhaben und Angebote k\u00f6nnen dem Medienentwicklungsplan entnommen werden.<\/p>\n<p><strong>Hier finden Sie unseren Medienentwicklungsplan (MEP) und das Medien- und Methodencurriculum (MMC):<\/strong><\/p>\n<p><a href=\"http:\/\/qmbs.bszab.de\/wp-content\/uploads\/2017\/05\/MEPmitMMC_BSZAB_2016_07_06.pdf\" target=\"_blank\" rel=\"noopener noreferrer\">MEP und MMC<\/a><\/p>\n","protected":false},"excerpt":{"rendered":"<p>Referenzschule f\u00fcr Medienbildung (RfM) Nach erfolgreichem Abschluss der zweij\u00e4hrigen Qualifizierungsphase wurde das Staatliche Berufliche Schulzentrum Aschaffenburg am 17. Oktober 2017 vom Bayerischen Staatsministerium f\u00fcr Unterricht und Kultus als Referenzschule f\u00fcr Medienbildung (RfM) ausgezeichnet. Das Projekt RfM verfolgt die Ziele, durch eine Systematisierung der schulischen Medienarbeit die Medienkompetenz der Sch\u00fclerinnen und Sch\u00fcler zu st\u00e4rken und die [&hellip;]<\/p>\n","protected":false},"author":4,"featured_media":0,"parent":0,"menu_order":0,"comment_status":"closed","ping_status":"closed","template":"","meta":{"footnotes":""},"class_list":["post-431","page","type-page","status-publish","hentry"],"_links":{"self":[{"href":"https:\/\/qmbs.bszab.de\/index.php?rest_route=\/wp\/v2\/pages\/431","targetHints":{"allow":["GET"]}}],"collection":[{"href":"https:\/\/qmbs.bszab.de\/index.php?rest_route=\/wp\/v2\/pages"}],"about":[{"href":"https:\/\/qmbs.bszab.de\/index.php?rest_route=\/wp\/v2\/types\/page"}],"author":[{"embeddable":true,"href":"https:\/\/qmbs.bszab.de\/index.php?rest_route=\/wp\/v2\/users\/4"}],"replies":[{"embeddable":true,"href":"https:\/\/qmbs.bszab.de\/index.php?rest_route=%2Fwp%2Fv2%2Fcomments&post=431"}],"version-history":[{"count":1,"href":"https:\/\/qmbs.bszab.de\/index.php?rest_route=\/wp\/v2\/pages\/431\/revisions"}],"predecessor-version":[{"id":433,"href":"https:\/\/qmbs.bszab.de\/index.php?rest_route=\/wp\/v2\/pages\/431\/revisions\/433"}],"wp:attachment":[{"href":"https:\/\/qmbs.bszab.de\/index.php?rest_route=%2Fwp%2Fv2%2Fmedia&parent=431"}],"curies":[{"name":"wp","href":"https:\/\/api.w.org\/{rel}","templated":true}]}}