{"id":2,"date":"2012-05-14T11:38:55","date_gmt":"2012-05-14T11:38:55","guid":{"rendered":"http:\/\/qmbs.bszab.de\/?page_id=2"},"modified":"2025-07-08T08:56:43","modified_gmt":"2025-07-08T08:56:43","slug":"sample-page","status":"publish","type":"page","link":"https:\/\/qmbs.bszab.de\/?page_id=2","title":{"rendered":"SQV"},"content":{"rendered":"<p>Ein zentraler Punkt f\u00fcr die Schulentwickung ist die Formulierung von Zielen.<\/p>\n<p>Im System des QmbS werden diese Ziele in einem schulspezifischen Qualit\u00e4tsverst\u00e4ndnis (=SQV) zusammen mit den schon abgeschlossenen, den laufenden und den geplanten Ma\u00dfnahmen festgeschrieben.<\/p>\n<p>Wir unterscheiden in unserem SQV zwischen <strong>Qualit\u00e4tszielen<\/strong> und zugeh\u00f6rigen\u00a0<strong>Teilzielen<\/strong>. Die Qualit\u00e4tsziele sind \u00fcbergeordnet und entsprechen den Zielen unseres gemeinsam entworfenen Leitbildes. Die Teilziele konkretisieren, wie wir das \u00fcbergeordnete Ziel erreichen wollen. Zu jedem Ziel\u00a0werden\u00a0<a title=\"Qualit\u00e4tsma\u00dfnahmen\" href=\"http:\/\/qmbs.bszab.de\/?page_id=129\">Ma\u00dfnahmen<\/a>\u00a0formuliert, die wir entweder noch planen, an denen wir gerade arbeiten, oder die wir schon abgeschlossen haben.<\/p>\n<p>Die aktuell wichtigsten Ziele stehen in unserem <a href=\"https:\/\/qmbs.bszab.de\/?page_id=378\">SEP (Schulentwicklungsprogramm)<\/a>.<\/p>\n<h2><strong>SQV des Staatlichen Beruflichen Schulzentrums Aschaffenburg:<\/strong><\/h2>\n<p>Aktuelle Qualit\u00e4tsziele:<\/p>\n<h2>Qualit\u00e4tsziel M (Medien): Der gezielte Einsatz moderner Medien unterst\u00fctzt das Lehren und Lernen an unserer Schule.<\/h2>\n<p><strong>Teilziele<\/strong>:<\/p>\n<ul>\n<li>Unsere Raum- und Medienausstattung unterst\u00fctzt modernes, effektives und zielgerichtetes Lehren und Lernen.<\/li>\n<li>Das interaktive Whiteboard wird im Unterrichtsalltag sinnvoll und kompetent eingesetzt.<\/li>\n<li>Allen Kolleginnen und Kollegen stehen bew\u00e4hrte Unterrichtsmaterialien in einer \u00fcbersichtlichen Materialsammlung zur Verf\u00fcgung.<\/li>\n<li>Die Mitglieder der Schulfamilie kennen die gesetzlichen Regelungen zu Urheberrecht und Datenschutz und halten diese ein.<br \/>\n<a title=\"Qualit\u00e4tsma\u00dfnahmen\" href=\"http:\/\/qmbs.bszab.de\/?p=129\">Ma\u00dfnahmen<\/a>&#8230;<\/li>\n<\/ul>\n<h2>Qualit\u00e4tsziel I (Individualit\u00e4t): Unsere Sch\u00fcler lernen individuell und selbstgesteuert.<\/h2>\n<p><strong>Teilziele<\/strong>:<\/p>\n<ul>\n<li>Die Sch\u00fclerinnen und Sch\u00fcler k\u00f6nnen selbstst\u00e4ndig fachliche Inhalte recherchieren, medial aufbereiten und anschaulich pr\u00e4sentieren.<\/li>\n<li>Die Sch\u00fclerinnen und Sch\u00fcler kennen und nutzen Online-Angebote als sinnvolle Erg\u00e4nzung zum Unterricht.<\/li>\n<li>Die Sch\u00fclerinnen und Sch\u00fcler kennen Strategien zum effektiven Lernen und setzen diese ein.<br \/>\n<a title=\"Qualit\u00e4tsma\u00dfnahmen\" href=\"http:\/\/qmbs.bszab.de\/?p=129\">Ma\u00dfnahmen<\/a>&#8230;<\/li>\n<\/ul>\n<p>&nbsp;<\/p>\n<p>&nbsp;<\/p>\n<p>Weitere Qualit\u00e4tsziele in unserem Leitbild:<\/p>\n<h2><span style=\"color: #000000;\"><strong>Qualit\u00e4tsziel K (Kommunikation):\u00a0<\/strong><\/span><span style=\"color: #000000;\">Wir gewinnen Zeit durch eine effiziente Organisations- und Kommunikationsstruktur an unserer Schule.<\/span><\/h2>\n<p><strong>Teilziele<\/strong>:<\/p>\n<ul>\n<li>Wir verbessern die Informationssysteme unserer Schule f\u00fcr eine regelm\u00e4\u00dfige und effiziente Nutzung.<\/li>\n<li>Wir vereinfachen die Organisations- und Verwaltungsaufgaben.<\/li>\n<li>Wir planen und f\u00fchren Konferenzen sowie Besprechungen zielgerichtet durch.<\/li>\n<li>Verwaltungsarbeiten werden zuverl\u00e4ssig erledigt.<\/li>\n<li>Wir haben mehr Zeit f\u00fcr p\u00e4dagogische Arbeit und zum Innehalten und Reflektieren.<\/li>\n<li>Die Verwaltung entlastet die Lehrer\/-innen.<\/li>\n<\/ul>\n<p><a title=\"Qualit\u00e4tsma\u00dfnahmen\" href=\"http:\/\/qmbs.bszab.de\/?p=129\">Ma\u00dfnahmen<\/a>&#8230;<\/p>\n<h2><strong>Qualit\u00e4tsziel A (Atmosph\u00e4re):<\/strong>\u00a0Alle Mitglieder der Schulgemeinschaft f\u00fchlen sich an unserer Schule wohl. Durch unser gemeinsames Engagement schaffen wir eine gesunde und motivierende Arbeitsatmosph\u00e4re.<\/h2>\n<p><strong>Teilziele<\/strong>:<\/p>\n<ul>\n<li>Wir entwickeln eine Schulgemeinschaft, die allen Beteiligten ein Gef\u00fchl der Zugeh\u00f6rigkeit gibt.<\/li>\n<li>Wir k\u00fcmmern uns um die Gesundheit und das Wohlergehen der Sch\u00fcler\/-innen und Lehrer\/-innen.<\/li>\n<li>Unsere Schule ist ein Ort, an dem sich die Sch\u00fcler\/-innen und Lehrer\/-innen wohlf\u00fchlen.<\/li>\n<li>Weil wir uns in unserer Schule wohlf\u00fchlen, sind wir motiviert.<\/li>\n<\/ul>\n<p><a title=\"Qualit\u00e4tsma\u00dfnahmen\" href=\"http:\/\/qmbs.bszab.de\/?p=129\">Ma\u00dfnahmen<\/a>&#8230;<\/p>\n<h2><strong>Qualit\u00e4tsziel P (Profil):\u00a0<\/strong>Wir geben unserer Schule und ihren Abteilungen ein gemeinsames Profil und verbessern damit die Au\u00dfenwirkung.<span class=\"Apple-style-span\" style=\"font-size: 16px; color: #444444; line-height: 24px;\">\u00a0<\/span><\/h2>\n<p><span style=\"color: #000000;\"><strong>Teilziele<\/strong><\/span>:<\/p>\n<ul>\n<li>Wir\u00a0arbeiten an gemeinsamen Zielen, die sich an unserem Leitbild orientieren.<\/li>\n<li>Wir pr\u00e4sentieren uns professionell in der \u00d6ffentlichkeit.<\/li>\n<li>Die Abteilungen entwickeln ihre eigenen Schwerpunkte in individuellen Profilen.<\/li>\n<\/ul>\n<p><a title=\"Qualit\u00e4tsma\u00dfnahmen\" href=\"http:\/\/qmbs.bszab.de\/?p=129\">Ma\u00dfnahmen<\/a>&#8230;<\/p>\n<h2><strong>Qualit\u00e4tsziel R (Ressourcen):<\/strong>\u00a0In unserer Schule erreichen wir gutes Lehren und Lernen durch ein ausreichendes Platzangebot, eine entsprechende moderne Ausstattung und die bestm\u00f6gliche Nutzung der vorhandenen Ressourcen.<\/h2>\n<p><strong>Teilziele<\/strong>:<\/p>\n<ul>\n<li>Wir\u00a0verf\u00fcgen \u00fcber\u00a0moderne Klassenzimmer und Fachr\u00e4ume.<\/li>\n<li>Die Medienausstattung ist auf aktuellem Stand und problemlos einsetzbar.<\/li>\n<li>Ein bedarfsgerechtes\u00a0Raumangebot (Unterrichtsr\u00e4ume, Arbeitspl\u00e4tze der Lehrkr\u00e4fte) erm\u00f6glicht effektives Arbeiten.<\/li>\n<\/ul>\n<p><a title=\"Qualit\u00e4tsma\u00dfnahmen\" href=\"http:\/\/qmbs.bszab.de\/?p=129\">Ma\u00dfnahmen<\/a>&#8230;<\/p>\n<h2><strong>Qualit\u00e4tsziel N (Normen):<\/strong>\u00a0Alle am Schulleben Beteiligten kennen die festgesetzten Regeln, Normen, Absprachen und halten sich verantwortlich daran.<\/h2>\n<p align=\"left\"><strong><strong>Teilziele<\/strong><\/strong>:<\/p>\n<ul>\n<li>Unsere Normen und Regeln sind sinnvoll und durchf\u00fchrbar.<\/li>\n<li>Alle\u00a0halten\u00a0sich an Absprachen und Rahmenbedingungen (Regeln \u2013 Stoffverteilungspl\u00e4ne \u2013 Lehrpl\u00e4ne)<\/li>\n<\/ul>\n<p><a title=\"Qualit\u00e4tsma\u00dfnahmen\" href=\"http:\/\/qmbs.bszab.de\/?p=129\">Ma\u00dfnahmen<\/a>&#8230;<\/p>\n<h2><strong>Qualit\u00e4tsziel W (Wertsch\u00e4tzung):<\/strong>\u00a0Wir begegnen uns mit Anerkennung und Respekt. Konflikte sprechen wir offen an und bleiben dabei sachlich und konstruktiv.<span class=\"Apple-style-span\" style=\"font-size: 16px; color: #444444; line-height: 24px;\">\u00a0<\/span><\/h2>\n<p align=\"justify\"><strong><strong>Teilziele<\/strong><\/strong>:<\/p>\n<ul>\n<li>Die Schulleitung unterst\u00fctzt das Kollegium durch konstruktive Kritik und Lob.<\/li>\n<li>Die Schulleitung ist bereit f\u00fcr ein offenes Gespr\u00e4ch.<\/li>\n<li>Alle Kollegen\/-innen in ihrer jeweiligen Art werden geachtet und wertgesch\u00e4tzt.<\/li>\n<li>Wir\u00a0etablieren professionelle Kommunikations- und Feedbackregeln und halten diese ein.<\/li>\n<\/ul>\n<p><a title=\"Qualit\u00e4tsma\u00dfnahmen\" href=\"http:\/\/qmbs.bszab.de\/?p=129\">Ma\u00dfnahmen<\/a>&#8230;<\/p>\n<h2><strong>Qualit\u00e4tsziel S (Sch\u00fclerbeteiligung):\u00a0<\/strong>Wir beteiligen unsere Sch\u00fcler\/-innen aktiv am Entwicklungsprozess unserer Schule.<\/h2>\n<p><strong><strong>Teilziele<\/strong><\/strong>:<\/p>\n<ul>\n<li>Unsere Sch\u00fcler\/-innen sind engagiert und verantwortungsbewusst.<\/li>\n<li>Unsere Sch\u00fclerschaft ist in einer aktiven SMV (Sch\u00fclermitverantwortung) organisiert.<\/li>\n<li>Wir evaluieren die Sch\u00fclermeinungen zu unserer Schule und zur Schulentwicklung.<\/li>\n<\/ul>\n<p><a title=\"Qualit\u00e4tsma\u00dfnahmen\" href=\"http:\/\/qmbs.bszab.de\/?p=129\">Ma\u00dfnahmen<\/a>&#8230;<\/p>\n<h2><strong>Qualit\u00e4tsziel Z (Zusammenarbeit):<\/strong>\u00a0F\u00fcr eine effektive Zusammenarbeit im Team tauschen wir Erfahrungen aus und unterst\u00fctzen uns gegenseitig. Dazu nutzen wir die zahlreich vorhandenen Potenziale sowie die vielf\u00e4ltigen Kommunikationsm\u00f6glichkeiten, -arten und -wege.<\/h2>\n<p><strong><strong>Teilziele<\/strong><\/strong>:<\/p>\n<ul>\n<li>Wir tauschen Erfahrungen aus und unterst\u00fctzen uns gegenseitig.<\/li>\n<li>Unser Informationssystem ist \u00fcbersichtlich und effektiv.<\/li>\n<li>Wir arbeiten\u00a0zielgerichtet und produktiv\u00a0in Teams zusammen.<\/li>\n<\/ul>\n<p><a title=\"Qualit\u00e4tsma\u00dfnahmen\" href=\"http:\/\/qmbs.bszab.de\/?p=129\">Ma\u00dfnahmen<\/a>&#8230;<\/p>\n<h2><strong>Qualit\u00e4tsziel V (Verhalten):<\/strong>\u00a0Wir verhalten uns vorbildlich und partnerschaftlich.<span class=\"Apple-style-span\" style=\"font-size: 16px; color: #444444; line-height: 24px;\">\u00a0<\/span><\/h2>\n<p><strong><strong>Teilziele<\/strong><\/strong>:<\/p>\n<ul>\n<li>Wir nehmen unsere Vorbildfunktion ernst. Wir kommen p\u00fcnktlich und gut vorbereitet zum Unterricht und gehen respektvoll mit Sch\u00fclern\/-innen um.<\/li>\n<li>Wir achten die Individualit\u00e4t unserer Sch\u00fcler\/-innen.<\/li>\n<li>Wir sind Ansprechpartner f\u00fcr unsere Sch\u00fcler\/-innen.<\/li>\n<li>Wir beurteilen transparent und gerecht.<\/li>\n<\/ul>\n<p><a title=\"Qualit\u00e4tsma\u00dfnahmen\" href=\"http:\/\/qmbs.bszab.de\/?p=129\">Ma\u00dfnahmen<\/a>&#8230;<\/p>\n<h2><strong>Qualit\u00e4tsziel U (Unterricht):<\/strong>\u00a0Unser Unterricht ist methodisch gut konzipiert, von hoher fachlicher Qualit\u00e4t und gepr\u00e4gt durch hohe Sch\u00fcleraktivit\u00e4t. Wir f\u00f6rdern die Sch\u00fcler\/-innen in ihrer sozialen, fachlichen und pers\u00f6nlichen Kompetenz.<\/h2>\n<p><strong><strong>Teilziele<\/strong><\/strong>:<\/p>\n<ul>\n<li>Wir erreichen guten Unterricht durch Methodenwechsel, Methodenschulung, hohe Sch\u00fcleraktivit\u00e4t und Pers\u00f6nlichkeitsentwicklung.<\/li>\n<li>Wir \u00f6ffnen unseren Unterricht nach Au\u00dfen durch Exkursionen, G\u00e4ste im Unterricht, \u2026<\/li>\n<li>Wir bieten unseren Sch\u00fclern\/-innen im Ausland wichtige Erfahrungsr\u00e4ume.<\/li>\n<\/ul>\n<p><a title=\"Qualit\u00e4tsma\u00dfnahmen\" href=\"http:\/\/qmbs.bszab.de\/?p=129\">Ma\u00dfnahmen<\/a>&#8230;<\/p>\n<p>Durch das Anklicken der Links kommen Sie zur Liste der zugeh\u00f6rigen <a title=\"Qualit\u00e4tsma\u00dfnahmen\" href=\"http:\/\/qmbs.bszab.de\/?p=129\">Ma\u00dfnahmen<\/a>.<\/p>\n","protected":false},"excerpt":{"rendered":"<p>Ein zentraler Punkt f\u00fcr die Schulentwickung ist die Formulierung von Zielen. Im System des QmbS werden diese Ziele in einem schulspezifischen Qualit\u00e4tsverst\u00e4ndnis (=SQV) zusammen mit den schon abgeschlossenen, den laufenden und den geplanten Ma\u00dfnahmen festgeschrieben. Wir unterscheiden in unserem SQV zwischen Qualit\u00e4tszielen und zugeh\u00f6rigen\u00a0Teilzielen. Die Qualit\u00e4tsziele sind \u00fcbergeordnet und entsprechen den Zielen unseres gemeinsam entworfenen [&hellip;]<\/p>\n","protected":false},"author":1,"featured_media":0,"parent":0,"menu_order":0,"comment_status":"open","ping_status":"open","template":"page-templates\/full-width.php","meta":{"footnotes":""},"class_list":["post-2","page","type-page","status-publish","hentry"],"_links":{"self":[{"href":"https:\/\/qmbs.bszab.de\/index.php?rest_route=\/wp\/v2\/pages\/2","targetHints":{"allow":["GET"]}}],"collection":[{"href":"https:\/\/qmbs.bszab.de\/index.php?rest_route=\/wp\/v2\/pages"}],"about":[{"href":"https:\/\/qmbs.bszab.de\/index.php?rest_route=\/wp\/v2\/types\/page"}],"author":[{"embeddable":true,"href":"https:\/\/qmbs.bszab.de\/index.php?rest_route=\/wp\/v2\/users\/1"}],"replies":[{"embeddable":true,"href":"https:\/\/qmbs.bszab.de\/index.php?rest_route=%2Fwp%2Fv2%2Fcomments&post=2"}],"version-history":[{"count":37,"href":"https:\/\/qmbs.bszab.de\/index.php?rest_route=\/wp\/v2\/pages\/2\/revisions"}],"predecessor-version":[{"id":544,"href":"https:\/\/qmbs.bszab.de\/index.php?rest_route=\/wp\/v2\/pages\/2\/revisions\/544"}],"wp:attachment":[{"href":"https:\/\/qmbs.bszab.de\/index.php?rest_route=%2Fwp%2Fv2%2Fmedia&parent=2"}],"curies":[{"name":"wp","href":"https:\/\/api.w.org\/{rel}","templated":true}]}}